{"id":181,"date":"2026-03-23T15:27:17","date_gmt":"2026-03-23T15:27:17","guid":{"rendered":"https:\/\/amnhactutraitim.azdigi.shop\/index.php\/gio-hang\/"},"modified":"2026-03-23T15:32:52","modified_gmt":"2026-03-23T15:32:52","slug":"gio-hang","status":"publish","type":"page","link":"https:\/\/amnhactutraitim.azdigi.shop\/index.php\/gio-hang\/","title":{"rendered":"Gi\u1ecf h\u00e0ng"},"content":{"rendered":"\n<div data-block-name=\"woocommerce\/cart\" class=\"wp-block-woocommerce-cart alignwide is-loading\">\n<div data-block-name=\"woocommerce\/filled-cart-block\" class=\"wp-block-woocommerce-filled-cart-block\">\n<div data-block-name=\"woocommerce\/cart-items-block\" class=\"wp-block-woocommerce-cart-items-block\">\n<div data-block-name=\"woocommerce\/cart-line-items-block\" class=\"wp-block-woocommerce-cart-line-items-block\"><\/div>\n\n\n<\/div>\n\n\n\n\n<div data-block-name=\"woocommerce\/cart-totals-block\" class=\"wp-block-woocommerce-cart-totals-block\">\n<div data-block-name=\"woocommerce\/cart-order-summary-block\" class=\"wp-block-woocommerce-cart-order-summary-block\">\n<div data-block-name=\"woocommerce\/cart-order-summary-heading-block\" class=\"wp-block-woocommerce-cart-order-summary-heading-block\"><\/div><div data-block-name=\"woocommerce\/cart-order-summary-coupon-form-block\" class=\"wp-block-woocommerce-cart-order-summary-coupon-form-block\"><\/div><div data-block-name=\"woocommerce\/cart-order-summary-totals-block\" class=\"wp-block-woocommerce-cart-order-summary-totals-block\">\n<div data-block-name=\"woocommerce\/cart-order-summary-subtotal-block\" class=\"wp-block-woocommerce-cart-order-summary-subtotal-block\"><\/div>\n<div data-block-name=\"woocommerce\/cart-order-summary-discount-block\" class=\"wp-block-woocommerce-cart-order-summary-discount-block\"><\/div>\n<div data-block-name=\"woocommerce\/cart-order-summary-fee-block\" class=\"wp-block-woocommerce-cart-order-summary-fee-block\"><\/div>\n<div data-block-name=\"woocommerce\/cart-order-summary-shipping-block\" class=\"wp-block-woocommerce-cart-order-summary-shipping-block\"><\/div>\n<div data-block-name=\"woocommerce\/cart-order-summary-taxes-block\" class=\"wp-block-woocommerce-cart-order-summary-taxes-block\"><\/div><\/div>\n<\/div>\n\n\n\n<div data-block-name=\"woocommerce\/cart-express-payment-block\" class=\"wp-block-woocommerce-cart-express-payment-block\"><\/div>\n\n\n\n<div data-block-name=\"woocommerce\/proceed-to-checkout-block\" class=\"wp-block-woocommerce-proceed-to-checkout-block\"><\/div>\n\n\n\n<div data-block-name=\"woocommerce\/cart-accepted-payment-methods-block\" class=\"wp-block-woocommerce-cart-accepted-payment-methods-block\"><\/div>\n<\/div>\n<\/div>\n\n\n\n<div data-block-name=\"woocommerce\/empty-cart-block\" class=\"wp-block-woocommerce-empty-cart-block\">\n<h2 class=\"wp-block-heading has-text-align-center with-empty-cart-icon wc-block-cart__empty-cart__title\">Gi\u1ecf h\u00e0ng hi\u1ec7n t\u1ea1i ch\u01b0a c\u00f3 s\u1ea3n ph\u1ea9m n\u00e0o!<\/h2>\n\n\n\n<hr class=\"wp-block-separator has-alpha-channel-opacity is-style-dots\"\/>\n\n\n\n<h2 class=\"wp-block-heading has-text-align-center\">M\u1edbi trong c\u1eeda h\u00e0ng<\/h2>\n\n\n<div data-block-name=\"woocommerce\/product-new\" data-columns=\"4\" data-rows=\"1\" class=\"wc-block-grid wp-block-product-new wp-block-woocommerce-product-new wc-block-product-new has-4-columns\"><ul class=\"wc-block-grid__products\"><li class=\"wc-block-grid__product\">\n\t\t\t\t<a href=\"https:\/\/amnhactutraitim.azdigi.shop\/index.php\/san-pham\/bau-troi-moi-da-lab\/\" class=\"wc-block-grid__product-link\">\n\t\t\t\t\t\n\t\t\t\t\t<div class=\"wc-block-grid__product-image\"><img loading=\"lazy\" decoding=\"async\" width=\"300\" height=\"300\" src=\"https:\/\/amnhactutraitim.azdigi.shop\/wp-content\/uploads\/2026\/04\/Screenshot-2026-04-05-123141-300x300.png\" class=\"attachment-woocommerce_thumbnail size-woocommerce_thumbnail\" alt=\"\u0110\u0129a than B\u1ea7u Tr\u1eddi M\u1edbi \u2013 Da LAB ch\u00ednh h\u00e3ng \/ VINYL VPOP\" srcset=\"https:\/\/amnhactutraitim.azdigi.shop\/wp-content\/uploads\/2026\/04\/Screenshot-2026-04-05-123141-300x300.png 300w, https:\/\/amnhactutraitim.azdigi.shop\/wp-content\/uploads\/2026\/04\/Screenshot-2026-04-05-123141-150x150.png 150w, https:\/\/amnhactutraitim.azdigi.shop\/wp-content\/uploads\/2026\/04\/Screenshot-2026-04-05-123141-100x100.png 100w\" sizes=\"auto, (max-width: 300px) 100vw, 300px\" \/><\/div>\n\t\t\t\t\t<div class=\"wc-block-grid__product-title\">\u0110\u0129a than B\u1ea7u Tr\u1eddi M\u1edbi \u2013 Da LAB ch\u00ednh h\u00e3ng \/ VINYL VPOP<\/div>\n\t\t\t\t<\/a>\n\t\t\t\t<div class=\"wc-block-grid__product-price price\"><span class=\"woocommerce-Price-amount amount\" aria-hidden=\"true\">500.000&nbsp;<span class=\"woocommerce-Price-currencySymbol\">&#8363;<\/span><\/span> <span aria-hidden=\"true\">&ndash;<\/span> <span class=\"woocommerce-Price-amount amount\" aria-hidden=\"true\">900.000&nbsp;<span class=\"woocommerce-Price-currencySymbol\">&#8363;<\/span><\/span><span class=\"screen-reader-text\">Kho\u1ea3ng gi\u00e1: t\u1eeb 500.000&nbsp;&#8363; \u0111\u1ebfn 900.000&nbsp;&#8363;<\/span><\/div>\n\t\t\t\t\n\t\t\t\t<div class=\"wp-block-button wc-block-grid__product-add-to-cart\"><a href=\"https:\/\/amnhactutraitim.azdigi.shop\/index.php\/san-pham\/bau-troi-moi-da-lab\/\" aria-label=\"L\u1ef1a ch\u1ecdn cho &ldquo;\u0110\u0129a than B\u1ea7u Tr\u1eddi M\u1edbi \u2013 Da LAB ch\u00ednh h\u00e3ng \/ VINYL VPOP&rdquo;\" data-quantity=\"1\" data-product_id=\"709\" data-product_sku=\"\" data-price=\"500000\" rel=\"nofollow\" class=\"wp-block-button__link  add_to_cart_button\">Ch\u1ecdn<\/a><\/div>\n\t\t\t<\/li><li class=\"wc-block-grid__product\">\n\t\t\t\t<a href=\"https:\/\/amnhactutraitim.azdigi.shop\/index.php\/san-pham\/moon-da-lab-chinh-hang-vinyl-vpop\/\" class=\"wc-block-grid__product-link\">\n\t\t\t\t\t<div class=\"wc-block-grid__product-onsale\">\n\t\t\t<span aria-hidden=\"true\">Khuy\u1ebfn m\u1ea1i<\/span>\n\t\t\t<span class=\"screen-reader-text\">S\u1ea3n ph\u1ea9m \u0111ang gi\u1ea3m gi\u00e1<\/span>\n\t\t<\/div>\n\t\t\t\t\t<div class=\"wc-block-grid__product-image\"><img loading=\"lazy\" decoding=\"async\" width=\"300\" height=\"300\" src=\"https:\/\/amnhactutraitim.azdigi.shop\/wp-content\/uploads\/2026\/04\/Screenshot-2026-04-05-003714-300x300.png\" class=\"attachment-woocommerce_thumbnail size-woocommerce_thumbnail\" alt=\"\u0110\u0129a than MOON-Da LAB ch\u00ednh h\u00e3ng \/ VINYL VPOP\" srcset=\"https:\/\/amnhactutraitim.azdigi.shop\/wp-content\/uploads\/2026\/04\/Screenshot-2026-04-05-003714-300x300.png 300w, https:\/\/amnhactutraitim.azdigi.shop\/wp-content\/uploads\/2026\/04\/Screenshot-2026-04-05-003714-150x150.png 150w, https:\/\/amnhactutraitim.azdigi.shop\/wp-content\/uploads\/2026\/04\/Screenshot-2026-04-05-003714-100x100.png 100w\" sizes=\"auto, (max-width: 300px) 100vw, 300px\" \/><\/div>\n\t\t\t\t\t<div class=\"wc-block-grid__product-title\">\u0110\u0129a than MOON-Da LAB ch\u00ednh h\u00e3ng \/ VINYL VPOP<\/div>\n\t\t\t\t<\/a>\n\t\t\t\t<div class=\"wc-block-grid__product-price price\"><span class=\"woocommerce-Price-amount amount\" aria-hidden=\"true\">270.000&nbsp;<span class=\"woocommerce-Price-currencySymbol\">&#8363;<\/span><\/span> <span aria-hidden=\"true\">&ndash;<\/span> <span class=\"woocommerce-Price-amount amount\" aria-hidden=\"true\">400.000&nbsp;<span class=\"woocommerce-Price-currencySymbol\">&#8363;<\/span><\/span><span class=\"screen-reader-text\">Kho\u1ea3ng gi\u00e1: t\u1eeb 270.000&nbsp;&#8363; \u0111\u1ebfn 400.000&nbsp;&#8363;<\/span><\/div>\n\t\t\t\t\n\t\t\t\t<div class=\"wp-block-button wc-block-grid__product-add-to-cart\"><a href=\"https:\/\/amnhactutraitim.azdigi.shop\/index.php\/san-pham\/moon-da-lab-chinh-hang-vinyl-vpop\/\" aria-label=\"L\u1ef1a ch\u1ecdn cho &ldquo;\u0110\u0129a than MOON-Da LAB ch\u00ednh h\u00e3ng \/ VINYL VPOP&rdquo;\" data-quantity=\"1\" data-product_id=\"678\" data-product_sku=\"\" data-price=\"270000\" rel=\"nofollow\" class=\"wp-block-button__link  add_to_cart_button\">Ch\u1ecdn<\/a><\/div>\n\t\t\t<\/li><li class=\"wc-block-grid__product\">\n\t\t\t\t<a href=\"https:\/\/amnhactutraitim.azdigi.shop\/index.php\/san-pham\/vinyl-toxic-till-the-end-rose\/\" class=\"wc-block-grid__product-link\">\n\t\t\t\t\t\n\t\t\t\t\t<div class=\"wc-block-grid__product-image\"><img loading=\"lazy\" decoding=\"async\" width=\"300\" height=\"300\" src=\"https:\/\/amnhactutraitim.azdigi.shop\/wp-content\/uploads\/2026\/04\/Screenshot-2026-04-05-002629-300x300.png\" class=\"attachment-woocommerce_thumbnail size-woocommerce_thumbnail\" alt=\"\u0110\u0129a than Toxic Till The End-ROS\u00c9 ch\u00ednh h\u00e3ng \/ VINYL KPOP\" srcset=\"https:\/\/amnhactutraitim.azdigi.shop\/wp-content\/uploads\/2026\/04\/Screenshot-2026-04-05-002629-300x300.png 300w, https:\/\/amnhactutraitim.azdigi.shop\/wp-content\/uploads\/2026\/04\/Screenshot-2026-04-05-002629-150x150.png 150w, https:\/\/amnhactutraitim.azdigi.shop\/wp-content\/uploads\/2026\/04\/Screenshot-2026-04-05-002629-100x100.png 100w\" sizes=\"auto, (max-width: 300px) 100vw, 300px\" \/><\/div>\n\t\t\t\t\t<div class=\"wc-block-grid__product-title\">\u0110\u0129a than Toxic Till The End-ROS\u00c9 ch\u00ednh h\u00e3ng \/ VINYL KPOP<\/div>\n\t\t\t\t<\/a>\n\t\t\t\t<div class=\"wc-block-grid__product-price price\"><span class=\"woocommerce-Price-amount amount\" aria-hidden=\"true\">4.000.000&nbsp;<span class=\"woocommerce-Price-currencySymbol\">&#8363;<\/span><\/span> <span aria-hidden=\"true\">&ndash;<\/span> <span class=\"woocommerce-Price-amount amount\" aria-hidden=\"true\">8.700.000&nbsp;<span class=\"woocommerce-Price-currencySymbol\">&#8363;<\/span><\/span><span class=\"screen-reader-text\">Kho\u1ea3ng gi\u00e1: t\u1eeb 4.000.000&nbsp;&#8363; \u0111\u1ebfn 8.700.000&nbsp;&#8363;<\/span><\/div>\n\t\t\t\t\n\t\t\t\t<div class=\"wp-block-button wc-block-grid__product-add-to-cart\"><a href=\"https:\/\/amnhactutraitim.azdigi.shop\/index.php\/san-pham\/vinyl-toxic-till-the-end-rose\/\" aria-label=\"L\u1ef1a ch\u1ecdn cho &ldquo;\u0110\u0129a than Toxic Till The End-ROS\u00c9 ch\u00ednh h\u00e3ng \/ VINYL KPOP&rdquo;\" data-quantity=\"1\" data-product_id=\"674\" data-product_sku=\"\" data-price=\"4000000\" rel=\"nofollow\" class=\"wp-block-button__link  add_to_cart_button\">Ch\u1ecdn<\/a><\/div>\n\t\t\t<\/li><li class=\"wc-block-grid__product\">\n\t\t\t\t<a href=\"https:\/\/amnhactutraitim.azdigi.shop\/index.php\/san-pham\/vinyl-mot-van-nam-vu-chinh-hang\/\" class=\"wc-block-grid__product-link\">\n\t\t\t\t\t<div class=\"wc-block-grid__product-onsale\">\n\t\t\t<span aria-hidden=\"true\">Khuy\u1ebfn m\u1ea1i<\/span>\n\t\t\t<span class=\"screen-reader-text\">S\u1ea3n ph\u1ea9m \u0111ang gi\u1ea3m gi\u00e1<\/span>\n\t\t<\/div>\n\t\t\t\t\t<div class=\"wc-block-grid__product-image\"><img loading=\"lazy\" decoding=\"async\" width=\"300\" height=\"300\" src=\"https:\/\/amnhactutraitim.azdigi.shop\/wp-content\/uploads\/2026\/04\/Screenshot-2026-04-05-001254-300x300.png\" class=\"attachment-woocommerce_thumbnail size-woocommerce_thumbnail\" alt=\"\u0110\u0129a than M\u1ed9t V\u1ea1n N\u0103m-V\u0169. ch\u00ednh h\u00e3ng \/ VINYL VPOP\" srcset=\"https:\/\/amnhactutraitim.azdigi.shop\/wp-content\/uploads\/2026\/04\/Screenshot-2026-04-05-001254-300x300.png 300w, https:\/\/amnhactutraitim.azdigi.shop\/wp-content\/uploads\/2026\/04\/Screenshot-2026-04-05-001254-150x150.png 150w, https:\/\/amnhactutraitim.azdigi.shop\/wp-content\/uploads\/2026\/04\/Screenshot-2026-04-05-001254-100x100.png 100w\" sizes=\"auto, (max-width: 300px) 100vw, 300px\" \/><\/div>\n\t\t\t\t\t<div class=\"wc-block-grid__product-title\">\u0110\u0129a than M\u1ed9t V\u1ea1n N\u0103m-V\u0169. ch\u00ednh h\u00e3ng \/ VINYL VPOP<\/div>\n\t\t\t\t<\/a>\n\t\t\t\t<div class=\"wc-block-grid__product-price price\"><span class=\"woocommerce-Price-amount amount\" aria-hidden=\"true\">400.000&nbsp;<span class=\"woocommerce-Price-currencySymbol\">&#8363;<\/span><\/span> <span aria-hidden=\"true\">&ndash;<\/span> <span class=\"woocommerce-Price-amount amount\" aria-hidden=\"true\">970.000&nbsp;<span class=\"woocommerce-Price-currencySymbol\">&#8363;<\/span><\/span><span class=\"screen-reader-text\">Kho\u1ea3ng gi\u00e1: t\u1eeb 400.000&nbsp;&#8363; \u0111\u1ebfn 970.000&nbsp;&#8363;<\/span><\/div>\n\t\t\t\t\n\t\t\t\t<div class=\"wp-block-button wc-block-grid__product-add-to-cart\"><a href=\"https:\/\/amnhactutraitim.azdigi.shop\/index.php\/san-pham\/vinyl-mot-van-nam-vu-chinh-hang\/\" aria-label=\"L\u1ef1a ch\u1ecdn cho &ldquo;\u0110\u0129a than M\u1ed9t V\u1ea1n N\u0103m-V\u0169. ch\u00ednh h\u00e3ng \/ VINYL VPOP&rdquo;\" data-quantity=\"1\" data-product_id=\"667\" data-product_sku=\"\" data-price=\"400000\" rel=\"nofollow\" class=\"wp-block-button__link  add_to_cart_button\">Ch\u1ecdn<\/a><\/div>\n\t\t\t<\/li><\/ul><\/div><\/div>\n<\/div>\n","protected":false},"excerpt":{"rendered":"","protected":false},"author":1,"featured_media":0,"parent":0,"menu_order":0,"comment_status":"closed","ping_status":"closed","template":"","meta":{"footnotes":""},"class_list":["post-181","page","type-page","status-publish","hentry"],"yoast_head":"<!-- This site is optimized with the Yoast SEO plugin v26.8 - https:\/\/yoast.com\/product\/yoast-seo-wordpress\/ -->\n<title>Gi\u1ecf h\u00e0ng - lovmusikal<\/title>\n<meta name=\"robots\" content=\"index, follow, max-snippet:-1, max-image-preview:large, max-video-preview:-1\" \/>\n<link rel=\"canonical\" href=\"https:\/\/amnhactutraitim.azdigi.shop\/index.php\/gio-hang\/\" \/>\n<meta property=\"og:locale\" content=\"vi_VN\" \/>\n<meta property=\"og:type\" content=\"article\" \/>\n<meta property=\"og:title\" content=\"Gi\u1ecf h\u00e0ng - lovmusikal\" \/>\n<meta property=\"og:url\" content=\"https:\/\/amnhactutraitim.azdigi.shop\/index.php\/gio-hang\/\" \/>\n<meta property=\"og:site_name\" content=\"lovmusikal\" \/>\n<meta property=\"article:modified_time\" content=\"2026-03-23T15:32:52+00:00\" \/>\n<meta name=\"twitter:card\" content=\"summary_large_image\" \/>\n<script type=\"application\/ld+json\" class=\"yoast-schema-graph\">{\"@context\":\"https:\/\/schema.org\",\"@graph\":[{\"@type\":\"WebPage\",\"@id\":\"https:\/\/amnhactutraitim.azdigi.shop\/index.php\/gio-hang\/\",\"url\":\"https:\/\/amnhactutraitim.azdigi.shop\/index.php\/gio-hang\/\",\"name\":\"Gi\u1ecf h\u00e0ng - lovmusikal\",\"isPartOf\":{\"@id\":\"https:\/\/amnhactutraitim.azdigi.shop\/#website\"},\"datePublished\":\"2026-03-23T15:27:17+00:00\",\"dateModified\":\"2026-03-23T15:32:52+00:00\",\"breadcrumb\":{\"@id\":\"https:\/\/amnhactutraitim.azdigi.shop\/index.php\/gio-hang\/#breadcrumb\"},\"inLanguage\":\"vi\",\"potentialAction\":[{\"@type\":\"ReadAction\",\"target\":[\"https:\/\/amnhactutraitim.azdigi.shop\/index.php\/gio-hang\/\"]}]},{\"@type\":\"BreadcrumbList\",\"@id\":\"https:\/\/amnhactutraitim.azdigi.shop\/index.php\/gio-hang\/#breadcrumb\",\"itemListElement\":[{\"@type\":\"ListItem\",\"position\":1,\"name\":\"Trang ch\u1ee7\",\"item\":\"https:\/\/amnhactutraitim.azdigi.shop\/\"},{\"@type\":\"ListItem\",\"position\":2,\"name\":\"Gi\u1ecf h\u00e0ng\"}]},{\"@type\":\"WebSite\",\"@id\":\"https:\/\/amnhactutraitim.azdigi.shop\/#website\",\"url\":\"https:\/\/amnhactutraitim.azdigi.shop\/\",\"name\":\"lovmusikal\",\"description\":\"\",\"publisher\":{\"@id\":\"https:\/\/amnhactutraitim.azdigi.shop\/#\/schema\/person\/6ec643dfb875a76797cf91ad6b84a153\"},\"potentialAction\":[{\"@type\":\"SearchAction\",\"target\":{\"@type\":\"EntryPoint\",\"urlTemplate\":\"https:\/\/amnhactutraitim.azdigi.shop\/?s={search_term_string}\"},\"query-input\":{\"@type\":\"PropertyValueSpecification\",\"valueRequired\":true,\"valueName\":\"search_term_string\"}}],\"inLanguage\":\"vi\"},{\"@type\":[\"Person\",\"Organization\"],\"@id\":\"https:\/\/amnhactutraitim.azdigi.shop\/#\/schema\/person\/6ec643dfb875a76797cf91ad6b84a153\",\"name\":\"ngdiemtrinh\",\"image\":{\"@type\":\"ImageObject\",\"inLanguage\":\"vi\",\"@id\":\"https:\/\/amnhactutraitim.azdigi.shop\/#\/schema\/person\/image\/\",\"url\":\"https:\/\/amnhactutraitim.azdigi.shop\/wp-content\/uploads\/2026\/01\/logo-shop-2.jpg\",\"contentUrl\":\"https:\/\/amnhactutraitim.azdigi.shop\/wp-content\/uploads\/2026\/01\/logo-shop-2.jpg\",\"width\":1024,\"height\":1024,\"caption\":\"ngdiemtrinh\"},\"logo\":{\"@id\":\"https:\/\/amnhactutraitim.azdigi.shop\/#\/schema\/person\/image\/\"},\"sameAs\":[\"https:\/\/amnhactutraitim.azdigi.shop\"]}]}<\/script>\n<!-- \/ Yoast SEO plugin. -->","yoast_head_json":{"title":"Gi\u1ecf h\u00e0ng - lovmusikal","robots":{"index":"index","follow":"follow","max-snippet":"max-snippet:-1","max-image-preview":"max-image-preview:large","max-video-preview":"max-video-preview:-1"},"canonical":"https:\/\/amnhactutraitim.azdigi.shop\/index.php\/gio-hang\/","og_locale":"vi_VN","og_type":"article","og_title":"Gi\u1ecf h\u00e0ng - lovmusikal","og_url":"https:\/\/amnhactutraitim.azdigi.shop\/index.php\/gio-hang\/","og_site_name":"lovmusikal","article_modified_time":"2026-03-23T15:32:52+00:00","twitter_card":"summary_large_image","schema":{"@context":"https:\/\/schema.org","@graph":[{"@type":"WebPage","@id":"https:\/\/amnhactutraitim.azdigi.shop\/index.php\/gio-hang\/","url":"https:\/\/amnhactutraitim.azdigi.shop\/index.php\/gio-hang\/","name":"Gi\u1ecf h\u00e0ng - lovmusikal","isPartOf":{"@id":"https:\/\/amnhactutraitim.azdigi.shop\/#website"},"datePublished":"2026-03-23T15:27:17+00:00","dateModified":"2026-03-23T15:32:52+00:00","breadcrumb":{"@id":"https:\/\/amnhactutraitim.azdigi.shop\/index.php\/gio-hang\/#breadcrumb"},"inLanguage":"vi","potentialAction":[{"@type":"ReadAction","target":["https:\/\/amnhactutraitim.azdigi.shop\/index.php\/gio-hang\/"]}]},{"@type":"BreadcrumbList","@id":"https:\/\/amnhactutraitim.azdigi.shop\/index.php\/gio-hang\/#breadcrumb","itemListElement":[{"@type":"ListItem","position":1,"name":"Trang ch\u1ee7","item":"https:\/\/amnhactutraitim.azdigi.shop\/"},{"@type":"ListItem","position":2,"name":"Gi\u1ecf h\u00e0ng"}]},{"@type":"WebSite","@id":"https:\/\/amnhactutraitim.azdigi.shop\/#website","url":"https:\/\/amnhactutraitim.azdigi.shop\/","name":"lovmusikal","description":"","publisher":{"@id":"https:\/\/amnhactutraitim.azdigi.shop\/#\/schema\/person\/6ec643dfb875a76797cf91ad6b84a153"},"potentialAction":[{"@type":"SearchAction","target":{"@type":"EntryPoint","urlTemplate":"https:\/\/amnhactutraitim.azdigi.shop\/?s={search_term_string}"},"query-input":{"@type":"PropertyValueSpecification","valueRequired":true,"valueName":"search_term_string"}}],"inLanguage":"vi"},{"@type":["Person","Organization"],"@id":"https:\/\/amnhactutraitim.azdigi.shop\/#\/schema\/person\/6ec643dfb875a76797cf91ad6b84a153","name":"ngdiemtrinh","image":{"@type":"ImageObject","inLanguage":"vi","@id":"https:\/\/amnhactutraitim.azdigi.shop\/#\/schema\/person\/image\/","url":"https:\/\/amnhactutraitim.azdigi.shop\/wp-content\/uploads\/2026\/01\/logo-shop-2.jpg","contentUrl":"https:\/\/amnhactutraitim.azdigi.shop\/wp-content\/uploads\/2026\/01\/logo-shop-2.jpg","width":1024,"height":1024,"caption":"ngdiemtrinh"},"logo":{"@id":"https:\/\/amnhactutraitim.azdigi.shop\/#\/schema\/person\/image\/"},"sameAs":["https:\/\/amnhactutraitim.azdigi.shop"]}]}},"_links":{"self":[{"href":"https:\/\/amnhactutraitim.azdigi.shop\/index.php\/wp-json\/wp\/v2\/pages\/181","targetHints":{"allow":["GET"]}}],"collection":[{"href":"https:\/\/amnhactutraitim.azdigi.shop\/index.php\/wp-json\/wp\/v2\/pages"}],"about":[{"href":"https:\/\/amnhactutraitim.azdigi.shop\/index.php\/wp-json\/wp\/v2\/types\/page"}],"author":[{"embeddable":true,"href":"https:\/\/amnhactutraitim.azdigi.shop\/index.php\/wp-json\/wp\/v2\/users\/1"}],"replies":[{"embeddable":true,"href":"https:\/\/amnhactutraitim.azdigi.shop\/index.php\/wp-json\/wp\/v2\/comments?post=181"}],"version-history":[{"count":1,"href":"https:\/\/amnhactutraitim.azdigi.shop\/index.php\/wp-json\/wp\/v2\/pages\/181\/revisions"}],"predecessor-version":[{"id":185,"href":"https:\/\/amnhactutraitim.azdigi.shop\/index.php\/wp-json\/wp\/v2\/pages\/181\/revisions\/185"}],"wp:attachment":[{"href":"https:\/\/amnhactutraitim.azdigi.shop\/index.php\/wp-json\/wp\/v2\/media?parent=181"}],"curies":[{"name":"wp","href":"https:\/\/api.w.org\/{rel}","templated":true}]}}