{"id":340,"date":"2026-04-01T14:54:57","date_gmt":"2026-04-01T14:54:57","guid":{"rendered":"https:\/\/amnhactutraitim.azdigi.shop\/?post_type=product&#038;p=340"},"modified":"2026-04-05T09:36:56","modified_gmt":"2026-04-05T09:36:56","slug":"dia-than-one-of-the-girls-the-weeknd","status":"publish","type":"product","link":"https:\/\/amnhactutraitim.azdigi.shop\/index.php\/san-pham\/dia-than-one-of-the-girls-the-weeknd\/","title":{"rendered":"\u0110\u0129a than One of the girls &#8211; The Weeknd \/ Vinyl USUK"},"content":{"rendered":"<p><img loading=\"lazy\" decoding=\"async\" class=\"alignnone size-medium wp-image-339\" src=\"https:\/\/amnhactutraitim.azdigi.shop\/wp-content\/uploads\/2026\/04\/Screenshot-2026-04-01-212125-300x205.png\" alt=\"\" width=\"300\" height=\"205\" srcset=\"https:\/\/amnhactutraitim.azdigi.shop\/wp-content\/uploads\/2026\/04\/Screenshot-2026-04-01-212125-300x205.png 300w, https:\/\/amnhactutraitim.azdigi.shop\/wp-content\/uploads\/2026\/04\/Screenshot-2026-04-01-212125-768x525.png 768w, https:\/\/amnhactutraitim.azdigi.shop\/wp-content\/uploads\/2026\/04\/Screenshot-2026-04-01-212125-600x410.png 600w, https:\/\/amnhactutraitim.azdigi.shop\/wp-content\/uploads\/2026\/04\/Screenshot-2026-04-01-212125.png 989w\" sizes=\"auto, (max-width: 300px) 100vw, 300px\" \/><\/p>\n<h2 data-section-id=\"1qvaps3\" data-start=\"183\" data-end=\"256\">\u0110\u0129a than One of the Girls The Weeknd \u2013 Tr\u1ea3i nghi\u1ec7m \u00e2m nh\u1ea1c \u0111\u1ea7y c\u1ea3m x\u00fac<\/h2>\n<p data-start=\"258\" data-end=\"561\">\u0110\u0129a than One of the Girls c\u1ee7a The Weeknd kh\u00f4ng ch\u1ec9 l\u00e0 m\u1ed9t b\u1ea3n nh\u1ea1c. \u0110\u00e2y c\u00f2n l\u00e0 m\u1ed9t tr\u1ea3i nghi\u1ec7m \u00e2m thanh kh\u00e1c bi\u1ec7t. Ngay t\u1eeb nh\u1eefng giai \u0111i\u1ec7u \u0111\u1ea7u ti\u00ean, ng\u01b0\u1eddi nghe c\u00f3 th\u1ec3 c\u1ea3m nh\u1eadn r\u00f5 chi\u1ec1u s\u00e2u c\u1ea3m x\u00fac. Phong c\u00e1ch R&amp;B \u0111\u1eb7c tr\u01b0ng \u0111\u01b0\u1ee3c th\u1ec3 hi\u1ec7n r\u00f5 r\u00e0ng. \u00c2m thanh analog mang l\u1ea1i c\u1ea3m gi\u00e1c \u1ea5m \u00e1p v\u00e0 ch\u00e2n th\u1ef1c h\u01a1n.<\/p>\n<h2 data-section-id=\"12zr186\" data-start=\"568\" data-end=\"624\">Ch\u1ea5t \u00e2m vinyl One of the Girls ch\u00e2n th\u1ef1c v\u00e0 s\u1ed1ng \u0111\u1ed9ng<\/h2>\n<p data-start=\"626\" data-end=\"870\">Phi\u00ean b\u1ea3n vinyl mang l\u1ea1i \u00e2m thanh analog r\u00f5 n\u00e9t. Ng\u01b0\u1eddi nghe c\u00f3 th\u1ec3 c\u1ea3m nh\u1eadn t\u1eebng l\u1edbp \u00e2m thanh ri\u00eang bi\u1ec7t. T\u1eeb gi\u1ecdng h\u00e1t \u0111\u1ebfn nh\u1ea1c n\u1ec1n \u0111\u1ec1u \u0111\u01b0\u1ee3c th\u1ec3 hi\u1ec7n r\u00f5. Tr\u1ea3i nghi\u1ec7m nghe tr\u1edf n\u00ean s\u1ed1ng \u0111\u1ed9ng h\u01a1n. \u0110\u00e2y l\u00e0 \u0111i\u1ec3m kh\u00e1c bi\u1ec7t so v\u1edbi nh\u1ea1c s\u1ed1 th\u00f4ng th\u01b0\u1eddng.<\/p>\n<h2 data-section-id=\"18rikda\" data-start=\"877\" data-end=\"926\">L\u1ef1a ch\u1ecdn ph\u00f9 h\u1ee3p cho ng\u01b0\u1eddi y\u00eau nh\u1ea1c v\u00e0 s\u01b0u t\u1ea7m<\/h2>\n<p data-start=\"928\" data-end=\"1130\">S\u1ea3n ph\u1ea9m ph\u00f9 h\u1ee3p v\u1edbi ng\u01b0\u1eddi y\u00eau nh\u1ea1c v\u00e0 ng\u01b0\u1eddi ch\u01a1i \u0111\u0129a than. Ngo\u00e0i ra, \u0111\u00e2y c\u0169ng l\u00e0 l\u1ef1a ch\u1ecdn t\u1ed1t cho ng\u01b0\u1eddi s\u01b0u t\u1ea7m album One of the Girls. \u0110\u0129a vinyl kh\u00f4ng ch\u1ec9 \u0111\u1ec3 nghe. N\u00f3 c\u00f2n mang gi\u00e1 tr\u1ecb l\u01b0u tr\u1eef l\u00e2u d\u00e0i.<\/p>\n<h2 data-section-id=\"1d65un5\" data-start=\"1137\" data-end=\"1176\">Thi\u1ebft k\u1ebf b\u00eca album mang t\u00ednh th\u1ea9m m\u1ef9<\/h2>\n<p data-start=\"1178\" data-end=\"1337\">B\u00eca \u0111\u0129a \u0111\u01b0\u1ee3c thi\u1ebft k\u1ebf \u1ea5n t\u01b0\u1ee3ng. Phong c\u00e1ch ngh\u1ec7 thu\u1eadt c\u1ee7a The Weeknd \u0111\u01b0\u1ee3c th\u1ec3 hi\u1ec7n r\u00f5. S\u1ea3n ph\u1ea9m c\u00f3 th\u1ec3 d\u00f9ng \u0111\u1ec3 tr\u01b0ng b\u00e0y. \u0110\u00e2y l\u00e0 \u0111i\u1ec3m c\u1ed9ng cho ng\u01b0\u1eddi y\u00eau vinyl.<\/p>\n<h2 data-section-id=\"1yqpp29\" data-start=\"1344\" data-end=\"1384\">M\u00f3n qu\u00e0 \u00fd ngh\u0129a cho ng\u01b0\u1eddi y\u00eau \u00e2m nh\u1ea1c<\/h2>\n<p data-start=\"1386\" data-end=\"1569\">\u0110\u0129a than One of the Girls l\u00e0 m\u00f3n qu\u00e0 ph\u00f9 h\u1ee3p. B\u1ea1n c\u00f3 th\u1ec3 t\u1eb7ng cho b\u1ea1n b\u00e8 ho\u1eb7c ng\u01b0\u1eddi th\u00e2n. S\u1ea3n ph\u1ea9m mang gi\u00e1 tr\u1ecb c\u1ea3 v\u1ec1 \u00e2m nh\u1ea1c v\u00e0 c\u1ea3m x\u00fac. \u0110\u1ed3ng th\u1eddi th\u1ec3 hi\u1ec7n gu th\u1ea9m m\u1ef9 c\u1ee7a ng\u01b0\u1eddi t\u1eb7ng.<\/p>\n","protected":false},"excerpt":{"rendered":"<p>&nbsp;<\/p>\n<p>https:\/\/open.spotify.com\/track\/7CyPwkp0oE8Ro9Dd5CUDjW<\/p>\n<p data-start=\"915\" data-end=\"996\"><strong data-start=\"915\" data-end=\"996\">\u0110\u0129a than One of the Girls The Weeknd \u2013 Vinyl ch\u00ednh h\u00e3ng cho ng\u01b0\u1eddi y\u00eau \u00e2m nh\u1ea1c<\/strong><\/p>\n<p data-start=\"998\" data-end=\"1236\">\u0110\u0129a than One of the Girls The Weeknd mang \u0111\u1ebfn tr\u1ea3i nghi\u1ec7m \u00e2m nh\u1ea1c ch\u00e2n th\u1ef1c v\u1edbi ch\u1ea5t \u00e2m analog \u0111\u1eb7c tr\u01b0ng c\u1ee7a vinyl. \u0110\u00e2y l\u00e0 l\u1ef1a ch\u1ecdn ph\u00f9 h\u1ee3p cho ng\u01b0\u1eddi y\u00eau nh\u1ea1c, ng\u01b0\u1eddi ch\u01a1i \u0111\u0129a than v\u00e0 nh\u1eefng ai \u0111ang t\u00ecm ki\u1ebfm m\u1ed9t s\u1ea3n ph\u1ea9m s\u01b0u t\u1ea7m ch\u1ea5t l\u01b0\u1ee3ng.<\/p>\n<p data-start=\"1238\" data-end=\"1475\">Ca kh\u00fac One of the Girls n\u1ed5i b\u1eadt v\u1edbi phong c\u00e1ch R&amp;B hi\u1ec7n \u0111\u1ea1i c\u1ee7a The Weeknd, k\u1ebft h\u1ee3p giai \u0111i\u1ec7u cu\u1ed1n h\u00fat v\u00e0 chi\u1ec1u s\u00e2u c\u1ea3m x\u00fac. Khi nghe qua vinyl The Weeknd, ng\u01b0\u1eddi nghe s\u1ebd c\u1ea3m nh\u1eadn r\u00f5 s\u1ef1 kh\u00e1c bi\u1ec7t so v\u1edbi c\u00e1c n\u1ec1n t\u1ea3ng nh\u1ea1c s\u1ed1 th\u00f4ng th\u01b0\u1eddng.<\/p>\n","protected":false},"featured_media":353,"comment_status":"open","ping_status":"closed","template":"","meta":[],"product_brand":[],"product_cat":[34,121,35],"product_tag":[38,39,37,40,36],"class_list":{"0":"post-340","1":"product","2":"type-product","3":"status-publish","4":"has-post-thumbnail","6":"product_cat-dia-nhac-usuk-vinyl","7":"product_cat-sale-sap-san","8":"product_cat-the-weeknd","9":"product_tag-album-one-of-the-girls","10":"product_tag-dia-than-usuk","11":"product_tag-dia-vinyl-the-weeknd","12":"product_tag-vinyl-chinh-hang","13":"product_tag-vinyl-the-weeknd","15":"first","16":"instock","17":"sale","18":"shipping-taxable","19":"purchasable","20":"product-type-variable","21":"has-default-attributes"},"yoast_head":"<!-- This site is optimized with the Yoast SEO plugin v26.8 - https:\/\/yoast.com\/product\/yoast-seo-wordpress\/ -->\n<title>\u0110\u0129a than One of the Girls The Weeknd \u2013 Vinyl ch\u00ednh h\u00e3ng USUK<\/title>\n<meta name=\"description\" content=\"Mua \u0111\u0129a than One of the Girls The Weeknd b\u1ea3n vinyl ch\u00ednh h\u00e3ng, \u00e2m thanh analog s\u1ed1ng \u0111\u1ed9ng, ph\u00f9 h\u1ee3p s\u01b0u t\u1ea7m v\u00e0 nghe nh\u1ea1c ch\u1ea5t l\u01b0\u1ee3ng cao.\" \/>\n<meta name=\"robots\" content=\"index, follow, max-snippet:-1, max-image-preview:large, max-video-preview:-1\" \/>\n<link rel=\"canonical\" href=\"https:\/\/amnhactutraitim.azdigi.shop\/index.php\/san-pham\/dia-than-one-of-the-girls-the-weeknd\/\" \/>\n<meta property=\"og:locale\" content=\"vi_VN\" \/>\n<meta property=\"og:type\" content=\"article\" \/>\n<meta property=\"og:title\" content=\"\u0110\u0129a than One of the Girls The Weeknd \u2013 Vinyl ch\u00ednh h\u00e3ng USUK\" \/>\n<meta property=\"og:description\" content=\"Mua \u0111\u0129a than One of the Girls The Weeknd b\u1ea3n vinyl ch\u00ednh h\u00e3ng, \u00e2m thanh analog s\u1ed1ng \u0111\u1ed9ng, ph\u00f9 h\u1ee3p s\u01b0u t\u1ea7m v\u00e0 nghe nh\u1ea1c ch\u1ea5t l\u01b0\u1ee3ng cao.\" \/>\n<meta property=\"og:url\" content=\"https:\/\/amnhactutraitim.azdigi.shop\/index.php\/san-pham\/dia-than-one-of-the-girls-the-weeknd\/\" \/>\n<meta property=\"og:site_name\" content=\"lovmusikal\" \/>\n<meta property=\"article:modified_time\" content=\"2026-04-05T09:36:56+00:00\" \/>\n<meta property=\"og:image\" content=\"https:\/\/amnhactutraitim.azdigi.shop\/wp-content\/uploads\/2026\/04\/Screenshot-2026-04-01-220705.png\" \/>\n\t<meta property=\"og:image:width\" content=\"984\" \/>\n\t<meta property=\"og:image:height\" content=\"984\" \/>\n\t<meta property=\"og:image:type\" content=\"image\/png\" \/>\n<meta name=\"twitter:card\" content=\"summary_large_image\" \/>\n<meta name=\"twitter:label1\" content=\"\u01af\u1edbc t\u00ednh th\u1eddi gian \u0111\u1ecdc\" \/>\n\t<meta name=\"twitter:data1\" content=\"3 ph\u00fat\" \/>\n<script type=\"application\/ld+json\" class=\"yoast-schema-graph\">{\"@context\":\"https:\/\/schema.org\",\"@graph\":[{\"@type\":\"WebPage\",\"@id\":\"https:\/\/amnhactutraitim.azdigi.shop\/index.php\/san-pham\/dia-than-one-of-the-girls-the-weeknd\/\",\"url\":\"https:\/\/amnhactutraitim.azdigi.shop\/index.php\/san-pham\/dia-than-one-of-the-girls-the-weeknd\/\",\"name\":\"\u0110\u0129a than One of the Girls The Weeknd \u2013 Vinyl ch\u00ednh h\u00e3ng USUK\",\"isPartOf\":{\"@id\":\"https:\/\/amnhactutraitim.azdigi.shop\/#website\"},\"primaryImageOfPage\":{\"@id\":\"https:\/\/amnhactutraitim.azdigi.shop\/index.php\/san-pham\/dia-than-one-of-the-girls-the-weeknd\/#primaryimage\"},\"image\":{\"@id\":\"https:\/\/amnhactutraitim.azdigi.shop\/index.php\/san-pham\/dia-than-one-of-the-girls-the-weeknd\/#primaryimage\"},\"thumbnailUrl\":\"https:\/\/amnhactutraitim.azdigi.shop\/wp-content\/uploads\/2026\/04\/Screenshot-2026-04-01-220705.png\",\"datePublished\":\"2026-04-01T14:54:57+00:00\",\"dateModified\":\"2026-04-05T09:36:56+00:00\",\"description\":\"Mua \u0111\u0129a than One of the Girls The Weeknd b\u1ea3n vinyl ch\u00ednh h\u00e3ng, \u00e2m thanh analog s\u1ed1ng \u0111\u1ed9ng, ph\u00f9 h\u1ee3p s\u01b0u t\u1ea7m v\u00e0 nghe nh\u1ea1c ch\u1ea5t l\u01b0\u1ee3ng cao.\",\"breadcrumb\":{\"@id\":\"https:\/\/amnhactutraitim.azdigi.shop\/index.php\/san-pham\/dia-than-one-of-the-girls-the-weeknd\/#breadcrumb\"},\"inLanguage\":\"vi\",\"potentialAction\":[{\"@type\":\"ReadAction\",\"target\":[\"https:\/\/amnhactutraitim.azdigi.shop\/index.php\/san-pham\/dia-than-one-of-the-girls-the-weeknd\/\"]}]},{\"@type\":\"ImageObject\",\"inLanguage\":\"vi\",\"@id\":\"https:\/\/amnhactutraitim.azdigi.shop\/index.php\/san-pham\/dia-than-one-of-the-girls-the-weeknd\/#primaryimage\",\"url\":\"https:\/\/amnhactutraitim.azdigi.shop\/wp-content\/uploads\/2026\/04\/Screenshot-2026-04-01-220705.png\",\"contentUrl\":\"https:\/\/amnhactutraitim.azdigi.shop\/wp-content\/uploads\/2026\/04\/Screenshot-2026-04-01-220705.png\",\"width\":984,\"height\":984},{\"@type\":\"BreadcrumbList\",\"@id\":\"https:\/\/amnhactutraitim.azdigi.shop\/index.php\/san-pham\/dia-than-one-of-the-girls-the-weeknd\/#breadcrumb\",\"itemListElement\":[{\"@type\":\"ListItem\",\"position\":1,\"name\":\"Trang ch\u1ee7\",\"item\":\"https:\/\/amnhactutraitim.azdigi.shop\/\"},{\"@type\":\"ListItem\",\"position\":2,\"name\":\"C\u1eeda h\u00e0ng\",\"item\":\"https:\/\/amnhactutraitim.azdigi.shop\/index.php\/cua-hang\/\"},{\"@type\":\"ListItem\",\"position\":3,\"name\":\"\u0110\u0129a than One of the girls &#8211; The Weeknd \/ Vinyl USUK\"}]},{\"@type\":\"WebSite\",\"@id\":\"https:\/\/amnhactutraitim.azdigi.shop\/#website\",\"url\":\"https:\/\/amnhactutraitim.azdigi.shop\/\",\"name\":\"lovmusikal\",\"description\":\"\",\"publisher\":{\"@id\":\"https:\/\/amnhactutraitim.azdigi.shop\/#\/schema\/person\/6ec643dfb875a76797cf91ad6b84a153\"},\"potentialAction\":[{\"@type\":\"SearchAction\",\"target\":{\"@type\":\"EntryPoint\",\"urlTemplate\":\"https:\/\/amnhactutraitim.azdigi.shop\/?s={search_term_string}\"},\"query-input\":{\"@type\":\"PropertyValueSpecification\",\"valueRequired\":true,\"valueName\":\"search_term_string\"}}],\"inLanguage\":\"vi\"},{\"@type\":[\"Person\",\"Organization\"],\"@id\":\"https:\/\/amnhactutraitim.azdigi.shop\/#\/schema\/person\/6ec643dfb875a76797cf91ad6b84a153\",\"name\":\"ngdiemtrinh\",\"image\":{\"@type\":\"ImageObject\",\"inLanguage\":\"vi\",\"@id\":\"https:\/\/amnhactutraitim.azdigi.shop\/#\/schema\/person\/image\/\",\"url\":\"https:\/\/amnhactutraitim.azdigi.shop\/wp-content\/uploads\/2026\/01\/logo-shop-2.jpg\",\"contentUrl\":\"https:\/\/amnhactutraitim.azdigi.shop\/wp-content\/uploads\/2026\/01\/logo-shop-2.jpg\",\"width\":1024,\"height\":1024,\"caption\":\"ngdiemtrinh\"},\"logo\":{\"@id\":\"https:\/\/amnhactutraitim.azdigi.shop\/#\/schema\/person\/image\/\"},\"sameAs\":[\"https:\/\/amnhactutraitim.azdigi.shop\"]}]}<\/script>\n<!-- \/ Yoast SEO plugin. -->","yoast_head_json":{"title":"\u0110\u0129a than One of the Girls The Weeknd \u2013 Vinyl ch\u00ednh h\u00e3ng USUK","description":"Mua \u0111\u0129a than One of the Girls The Weeknd b\u1ea3n vinyl ch\u00ednh h\u00e3ng, \u00e2m thanh analog s\u1ed1ng \u0111\u1ed9ng, ph\u00f9 h\u1ee3p s\u01b0u t\u1ea7m v\u00e0 nghe nh\u1ea1c ch\u1ea5t l\u01b0\u1ee3ng cao.","robots":{"index":"index","follow":"follow","max-snippet":"max-snippet:-1","max-image-preview":"max-image-preview:large","max-video-preview":"max-video-preview:-1"},"canonical":"https:\/\/amnhactutraitim.azdigi.shop\/index.php\/san-pham\/dia-than-one-of-the-girls-the-weeknd\/","og_locale":"vi_VN","og_type":"article","og_title":"\u0110\u0129a than One of the Girls The Weeknd \u2013 Vinyl ch\u00ednh h\u00e3ng USUK","og_description":"Mua \u0111\u0129a than One of the Girls The Weeknd b\u1ea3n vinyl ch\u00ednh h\u00e3ng, \u00e2m thanh analog s\u1ed1ng \u0111\u1ed9ng, ph\u00f9 h\u1ee3p s\u01b0u t\u1ea7m v\u00e0 nghe nh\u1ea1c ch\u1ea5t l\u01b0\u1ee3ng cao.","og_url":"https:\/\/amnhactutraitim.azdigi.shop\/index.php\/san-pham\/dia-than-one-of-the-girls-the-weeknd\/","og_site_name":"lovmusikal","article_modified_time":"2026-04-05T09:36:56+00:00","og_image":[{"width":984,"height":984,"url":"https:\/\/amnhactutraitim.azdigi.shop\/wp-content\/uploads\/2026\/04\/Screenshot-2026-04-01-220705.png","type":"image\/png"}],"twitter_card":"summary_large_image","twitter_misc":{"\u01af\u1edbc t\u00ednh th\u1eddi gian \u0111\u1ecdc":"3 ph\u00fat"},"schema":{"@context":"https:\/\/schema.org","@graph":[{"@type":"WebPage","@id":"https:\/\/amnhactutraitim.azdigi.shop\/index.php\/san-pham\/dia-than-one-of-the-girls-the-weeknd\/","url":"https:\/\/amnhactutraitim.azdigi.shop\/index.php\/san-pham\/dia-than-one-of-the-girls-the-weeknd\/","name":"\u0110\u0129a than One of the Girls The Weeknd \u2013 Vinyl ch\u00ednh h\u00e3ng USUK","isPartOf":{"@id":"https:\/\/amnhactutraitim.azdigi.shop\/#website"},"primaryImageOfPage":{"@id":"https:\/\/amnhactutraitim.azdigi.shop\/index.php\/san-pham\/dia-than-one-of-the-girls-the-weeknd\/#primaryimage"},"image":{"@id":"https:\/\/amnhactutraitim.azdigi.shop\/index.php\/san-pham\/dia-than-one-of-the-girls-the-weeknd\/#primaryimage"},"thumbnailUrl":"https:\/\/amnhactutraitim.azdigi.shop\/wp-content\/uploads\/2026\/04\/Screenshot-2026-04-01-220705.png","datePublished":"2026-04-01T14:54:57+00:00","dateModified":"2026-04-05T09:36:56+00:00","description":"Mua \u0111\u0129a than One of the Girls The Weeknd b\u1ea3n vinyl ch\u00ednh h\u00e3ng, \u00e2m thanh analog s\u1ed1ng \u0111\u1ed9ng, ph\u00f9 h\u1ee3p s\u01b0u t\u1ea7m v\u00e0 nghe nh\u1ea1c ch\u1ea5t l\u01b0\u1ee3ng cao.","breadcrumb":{"@id":"https:\/\/amnhactutraitim.azdigi.shop\/index.php\/san-pham\/dia-than-one-of-the-girls-the-weeknd\/#breadcrumb"},"inLanguage":"vi","potentialAction":[{"@type":"ReadAction","target":["https:\/\/amnhactutraitim.azdigi.shop\/index.php\/san-pham\/dia-than-one-of-the-girls-the-weeknd\/"]}]},{"@type":"ImageObject","inLanguage":"vi","@id":"https:\/\/amnhactutraitim.azdigi.shop\/index.php\/san-pham\/dia-than-one-of-the-girls-the-weeknd\/#primaryimage","url":"https:\/\/amnhactutraitim.azdigi.shop\/wp-content\/uploads\/2026\/04\/Screenshot-2026-04-01-220705.png","contentUrl":"https:\/\/amnhactutraitim.azdigi.shop\/wp-content\/uploads\/2026\/04\/Screenshot-2026-04-01-220705.png","width":984,"height":984},{"@type":"BreadcrumbList","@id":"https:\/\/amnhactutraitim.azdigi.shop\/index.php\/san-pham\/dia-than-one-of-the-girls-the-weeknd\/#breadcrumb","itemListElement":[{"@type":"ListItem","position":1,"name":"Trang ch\u1ee7","item":"https:\/\/amnhactutraitim.azdigi.shop\/"},{"@type":"ListItem","position":2,"name":"C\u1eeda h\u00e0ng","item":"https:\/\/amnhactutraitim.azdigi.shop\/index.php\/cua-hang\/"},{"@type":"ListItem","position":3,"name":"\u0110\u0129a than One of the girls &#8211; The Weeknd \/ Vinyl USUK"}]},{"@type":"WebSite","@id":"https:\/\/amnhactutraitim.azdigi.shop\/#website","url":"https:\/\/amnhactutraitim.azdigi.shop\/","name":"lovmusikal","description":"","publisher":{"@id":"https:\/\/amnhactutraitim.azdigi.shop\/#\/schema\/person\/6ec643dfb875a76797cf91ad6b84a153"},"potentialAction":[{"@type":"SearchAction","target":{"@type":"EntryPoint","urlTemplate":"https:\/\/amnhactutraitim.azdigi.shop\/?s={search_term_string}"},"query-input":{"@type":"PropertyValueSpecification","valueRequired":true,"valueName":"search_term_string"}}],"inLanguage":"vi"},{"@type":["Person","Organization"],"@id":"https:\/\/amnhactutraitim.azdigi.shop\/#\/schema\/person\/6ec643dfb875a76797cf91ad6b84a153","name":"ngdiemtrinh","image":{"@type":"ImageObject","inLanguage":"vi","@id":"https:\/\/amnhactutraitim.azdigi.shop\/#\/schema\/person\/image\/","url":"https:\/\/amnhactutraitim.azdigi.shop\/wp-content\/uploads\/2026\/01\/logo-shop-2.jpg","contentUrl":"https:\/\/amnhactutraitim.azdigi.shop\/wp-content\/uploads\/2026\/01\/logo-shop-2.jpg","width":1024,"height":1024,"caption":"ngdiemtrinh"},"logo":{"@id":"https:\/\/amnhactutraitim.azdigi.shop\/#\/schema\/person\/image\/"},"sameAs":["https:\/\/amnhactutraitim.azdigi.shop"]}]}},"_links":{"self":[{"href":"https:\/\/amnhactutraitim.azdigi.shop\/index.php\/wp-json\/wp\/v2\/product\/340","targetHints":{"allow":["GET"]}}],"collection":[{"href":"https:\/\/amnhactutraitim.azdigi.shop\/index.php\/wp-json\/wp\/v2\/product"}],"about":[{"href":"https:\/\/amnhactutraitim.azdigi.shop\/index.php\/wp-json\/wp\/v2\/types\/product"}],"replies":[{"embeddable":true,"href":"https:\/\/amnhactutraitim.azdigi.shop\/index.php\/wp-json\/wp\/v2\/comments?post=340"}],"wp:featuredmedia":[{"embeddable":true,"href":"https:\/\/amnhactutraitim.azdigi.shop\/index.php\/wp-json\/wp\/v2\/media\/353"}],"wp:attachment":[{"href":"https:\/\/amnhactutraitim.azdigi.shop\/index.php\/wp-json\/wp\/v2\/media?parent=340"}],"wp:term":[{"taxonomy":"product_brand","embeddable":true,"href":"https:\/\/amnhactutraitim.azdigi.shop\/index.php\/wp-json\/wp\/v2\/product_brand?post=340"},{"taxonomy":"product_cat","embeddable":true,"href":"https:\/\/amnhactutraitim.azdigi.shop\/index.php\/wp-json\/wp\/v2\/product_cat?post=340"},{"taxonomy":"product_tag","embeddable":true,"href":"https:\/\/amnhactutraitim.azdigi.shop\/index.php\/wp-json\/wp\/v2\/product_tag?post=340"}],"curies":[{"name":"wp","href":"https:\/\/api.w.org\/{rel}","templated":true}]}}